{"id":296,"date":"2023-10-23T09:17:29","date_gmt":"2023-10-23T07:17:29","guid":{"rendered":"https:\/\/festivalphotomaiche.fr\/?page_id=296"},"modified":"2025-11-30T19:30:00","modified_gmt":"2025-11-30T18:30:00","slug":"les-photographes","status":"publish","type":"page","link":"https:\/\/festivalphotomaiche.fr\/?page_id=296","title":{"rendered":"PHOTOGRAPHES ET ARTISTES"},"content":{"rendered":"<p>[et_pb_section fb_built=\u00a0\u00bb1&Prime; prev_background_color=\u00a0\u00bb#ffffff\u00a0\u00bb next_background_color=\u00a0\u00bb#ffffff\u00a0\u00bb _builder_version=\u00a0\u00bb4.22.2&Prime; _module_preset=\u00a0\u00bbdefault\u00a0\u00bb background_color=\u00a0\u00bbrgba(24,142,24,0.84)\u00a0\u00bb min_height=\u00a0\u00bb100px\u00a0\u00bb height=\u00a0\u00bb100px\u00a0\u00bb custom_margin=\u00a0\u00bb20px||||false|false\u00a0\u00bb top_divider_style=\u00a0\u00bbslant2&Prime; top_divider_height=\u00a0\u00bb42px\u00a0\u00bb bottom_divider_style=\u00a0\u00bbmountains2&Prime; bottom_divider_height=\u00a0\u00bb37px\u00a0\u00bb global_colors_info=\u00a0\u00bb{}\u00a0\u00bb][et_pb_row _builder_version=\u00a0\u00bb4.22.2&Prime; _module_preset=\u00a0\u00bbdefault\u00a0\u00bb transform_translate=\u00a0\u00bb0px|-42px\u00a0\u00bb global_colors_info=\u00a0\u00bb{}\u00a0\u00bb][et_pb_column type=\u00a0\u00bb4_4&Prime; _builder_version=\u00a0\u00bb4.22.2&Prime; _module_preset=\u00a0\u00bbdefault\u00a0\u00bb global_colors_info=\u00a0\u00bb{}\u00a0\u00bb][et_pb_text _builder_version=\u00a0\u00bb4.22.2&Prime; _module_preset=\u00a0\u00bbdefault\u00a0\u00bb text_font=\u00a0\u00bbAkshar||||||||\u00a0\u00bb text_text_color=\u00a0\u00bb#FFFFFF\u00a0\u00bb text_font_size=\u00a0\u00bb41px\u00a0\u00bb text_line_height=\u00a0\u00bb1em\u00a0\u00bb transform_scale=\u00a0\u00bb86%|86%\u00a0\u00bb transform_scale_tablet=\u00a0\u00bb86%|86%\u00a0\u00bb transform_scale_phone=\u00a0\u00bb60%|60%\u00a0\u00bb transform_scale_last_edited=\u00a0\u00bbon|desktop\u00a0\u00bb transform_translate=\u00a0\u00bb-97px|-15px\u00a0\u00bb transform_translate_tablet=\u00a0\u00bb-97px|-15px\u00a0\u00bb transform_translate_phone=\u00a0\u00bb-104px|62px\u00a0\u00bb transform_translate_last_edited=\u00a0\u00bbon|phone\u00a0\u00bb transform_rotate_tablet=\u00a0\u00bb\u00a0\u00bb transform_rotate_phone=\u00a0\u00bb\u00a0\u00bb transform_rotate_last_edited=\u00a0\u00bbon|desktop\u00a0\u00bb transform_skew_tablet=\u00a0\u00bb\u00a0\u00bb transform_skew_phone=\u00a0\u00bb\u00a0\u00bb transform_skew_last_edited=\u00a0\u00bbon|desktop\u00a0\u00bb transform_origin_tablet=\u00a0\u00bb\u00a0\u00bb transform_origin_phone=\u00a0\u00bb\u00a0\u00bb transform_origin_last_edited=\u00a0\u00bbon|desktop\u00a0\u00bb transform_styles_last_edited=\u00a0\u00bbon|phone\u00a0\u00bb transform_styles_tablet=\u00a0\u00bb\u00a0\u00bb transform_styles_phone=\u00a0\u00bb\u00a0\u00bb text_text_shadow_style=\u00a0\u00bbpreset1&Prime; global_colors_info=\u00a0\u00bb{}\u00a0\u00bb]<\/p>\n<p>PHOTOGRAPHES ET ARTISTES<\/p>\n<p>[\/et_pb_text][\/et_pb_column][\/et_pb_row][\/et_pb_section][et_pb_section fb_built=\u00a0\u00bb1&Prime; _builder_version=\u00a0\u00bb4.22.2&Prime; _module_preset=\u00a0\u00bbdefault\u00a0\u00bb global_colors_info=\u00a0\u00bb{}\u00a0\u00bb][et_pb_row _builder_version=\u00a0\u00bb4.22.2&Prime; _module_preset=\u00a0\u00bbdefault\u00a0\u00bb global_colors_info=\u00a0\u00bb{}\u00a0\u00bb][et_pb_column type=\u00a0\u00bb4_4&Prime; _builder_version=\u00a0\u00bb4.22.2&Prime; _module_preset=\u00a0\u00bbdefault\u00a0\u00bb global_colors_info=\u00a0\u00bb{}\u00a0\u00bb][et_pb_text _builder_version=\u00a0\u00bb4.22.2&Prime; _module_preset=\u00a0\u00bbdefault\u00a0\u00bb text_font=\u00a0\u00bbAkshar||||||||\u00a0\u00bb text_text_color=\u00a0\u00bb#000000&Prime; text_font_size=\u00a0\u00bb42px\u00a0\u00bb text_line_height=\u00a0\u00bb1em\u00a0\u00bb text_font_size_tablet=\u00a0\u00bb31px\u00a0\u00bb text_font_size_phone=\u00a0\u00bb25px\u00a0\u00bb text_font_size_last_edited=\u00a0\u00bbon|phone\u00a0\u00bb global_colors_info=\u00a0\u00bb{}\u00a0\u00bb]<\/p>\n<p style=\"text-align: center;\"><strong>CANDIDATURES 2026<\/strong><\/p>\n<p style=\"text-align: center;\"><strong>PHOTOGRAPHES ET ARTISTES\u00a0<\/strong><\/p>\n<p>[\/et_pb_text][et_pb_divider show_divider=\u00a0\u00bboff\u00a0\u00bb _builder_version=\u00a0\u00bb4.22.2&Prime; _module_preset=\u00a0\u00bbdefault\u00a0\u00bb global_colors_info=\u00a0\u00bb{}\u00a0\u00bb][\/et_pb_divider][\/et_pb_column][\/et_pb_row][et_pb_row _builder_version=\u00a0\u00bb4.22.2&Prime; _module_preset=\u00a0\u00bbdefault\u00a0\u00bb][et_pb_column _builder_version=\u00a0\u00bb4.22.2&Prime; _module_preset=\u00a0\u00bbdefault\u00a0\u00bb type=\u00a0\u00bb4_4&Prime;][et_pb_image src=\u00a0\u00bbhttp:\/\/festivalphotomaiche.fr\/wp-content\/uploads\/2025\/11\/candidatures-psd-copie22OK22-scaled.jpg\u00a0\u00bb _builder_version=\u00a0\u00bb4.22.2&Prime; _module_preset=\u00a0\u00bbdefault\u00a0\u00bb title_text=\u00a0\u00bbcandidatures psd copie22OK22&Prime; hover_enabled=\u00a0\u00bb0&Prime; sticky_enabled=\u00a0\u00bb0&Prime;][\/et_pb_image][\/et_pb_column][\/et_pb_row][et_pb_row column_structure=\u00a0\u00bb1_2,1_2&Prime; _builder_version=\u00a0\u00bb4.22.2&Prime; _module_preset=\u00a0\u00bbdefault\u00a0\u00bb global_colors_info=\u00a0\u00bb{}\u00a0\u00bb][et_pb_column type=\u00a0\u00bb1_2&Prime; _builder_version=\u00a0\u00bb4.22.2&Prime; _module_preset=\u00a0\u00bbdefault\u00a0\u00bb global_colors_info=\u00a0\u00bb{}\u00a0\u00bb][et_pb_button button_url=\u00a0\u00bbhttp:\/\/festivalphotomaiche.fr\/wp-content\/uploads\/2025\/11\/Candidature-page.pages\u00a0\u00bb button_text=\u00a0\u00bbDOSSIER CANDIDATURE (.pages MAC)\u00a0\u00bb button_alignment=\u00a0\u00bbcenter\u00a0\u00bb _builder_version=\u00a0\u00bb4.22.2&Prime; _module_preset=\u00a0\u00bbdefault\u00a0\u00bb custom_button=\u00a0\u00bbon\u00a0\u00bb button_text_color=\u00a0\u00bb#FFFFFF\u00a0\u00bb button_bg_color=\u00a0\u00bb#0C71C3&Prime; button_border_width=\u00a0\u00bb0px\u00a0\u00bb button_border_radius=\u00a0\u00bb14px\u00a0\u00bb animation_style=\u00a0\u00bbzoom\u00a0\u00bb hover_enabled=\u00a0\u00bb0&Prime; global_colors_info=\u00a0\u00bb{}\u00a0\u00bb sticky_enabled=\u00a0\u00bb0&Prime;][\/et_pb_button][et_pb_button button_url=\u00a0\u00bbhttp:\/\/festivalphotomaiche.fr\/wp-content\/uploads\/2025\/11\/candidature-word.docx\u00a0\u00bb button_text=\u00a0\u00bbDOSSIER CANDIDATURE (.word PC)\u00a0\u00bb button_alignment=\u00a0\u00bbcenter\u00a0\u00bb _builder_version=\u00a0\u00bb4.22.2&Prime; _module_preset=\u00a0\u00bbdefault\u00a0\u00bb custom_button=\u00a0\u00bbon\u00a0\u00bb button_text_color=\u00a0\u00bb#FFFFFF\u00a0\u00bb button_bg_color=\u00a0\u00bb#0C71C3&Prime; button_border_radius=\u00a0\u00bb14px\u00a0\u00bb animation_style=\u00a0\u00bbzoom\u00a0\u00bb hover_enabled=\u00a0\u00bb0&Prime; global_colors_info=\u00a0\u00bb{}\u00a0\u00bb sticky_enabled=\u00a0\u00bb0&Prime;][\/et_pb_button][et_pb_button button_text=\u00a0\u00bbDOSSIER CANDIDATURE (pdf)\u00a0\u00bb _builder_version=\u00a0\u00bb4.22.2&Prime; _module_preset=\u00a0\u00bbdefault\u00a0\u00bb button_alignment=\u00a0\u00bbcenter\u00a0\u00bb custom_button=\u00a0\u00bbon\u00a0\u00bb button_text_color=\u00a0\u00bb#FFFFFF\u00a0\u00bb button_bg_color=\u00a0\u00bb#0C71C3&Prime; button_bg_enable_color=\u00a0\u00bbon\u00a0\u00bb button_border_width=\u00a0\u00bb0px\u00a0\u00bb button_border_radius=\u00a0\u00bb14px\u00a0\u00bb button_url=\u00a0\u00bbhttp:\/\/festivalphotomaiche.fr\/wp-content\/uploads\/2025\/11\/Candidature2026-pdf.pdf\u00a0\u00bb hover_enabled=\u00a0\u00bb0&Prime; sticky_enabled=\u00a0\u00bb0&Prime;][\/et_pb_button][et_pb_text _builder_version=\u00a0\u00bb4.22.2&Prime; _module_preset=\u00a0\u00bbdefault\u00a0\u00bb global_colors_info=\u00a0\u00bb{}\u00a0\u00bb]<\/p>\n<p style=\"text-align: center;\">DOSSIER A T\u00c9L\u00c9CHARGER<\/p>\n<p>[\/et_pb_text][\/et_pb_column][et_pb_column type=\u00a0\u00bb1_2&Prime; _builder_version=\u00a0\u00bb4.22.2&Prime; _module_preset=\u00a0\u00bbdefault\u00a0\u00bb global_colors_info=\u00a0\u00bb{}\u00a0\u00bb][et_pb_button button_url=\u00a0\u00bbhttp:\/\/festivalphotomaiche.fr\/wp-content\/uploads\/2025\/11\/REGLEMENT-FESTIVAL-MAICHE-2026-1-1.pdf\u00a0\u00bb button_text=\u00a0\u00bbREGLEMENT FESTIVAL (pdf)\u00a0\u00bb button_alignment=\u00a0\u00bbcenter\u00a0\u00bb _builder_version=\u00a0\u00bb4.22.2&Prime; _module_preset=\u00a0\u00bbdefault\u00a0\u00bb custom_button=\u00a0\u00bbon\u00a0\u00bb button_text_color=\u00a0\u00bb#FFFFFF\u00a0\u00bb button_bg_color=\u00a0\u00bb#0C71C3&Prime; button_border_radius=\u00a0\u00bb14px\u00a0\u00bb button_letter_spacing=\u00a0\u00bb0px\u00a0\u00bb animation_style=\u00a0\u00bbzoom\u00a0\u00bb global_colors_info=\u00a0\u00bb{}\u00a0\u00bb][\/et_pb_button][et_pb_text _builder_version=\u00a0\u00bb4.22.2&Prime; _module_preset=\u00a0\u00bbdefault\u00a0\u00bb global_colors_info=\u00a0\u00bb{}\u00a0\u00bb]<\/p>\n<p style=\"text-align: center;\">A T\u00c9L\u00c9CHARGER ET LIRE<\/p>\n<p>[\/et_pb_text][\/et_pb_column][\/et_pb_row][\/et_pb_section][et_pb_section fb_built=\u00a0\u00bb1&Prime; _builder_version=\u00a0\u00bb4.22.2&Prime; _module_preset=\u00a0\u00bbdefault\u00a0\u00bb global_colors_info=\u00a0\u00bb{}\u00a0\u00bb][et_pb_row _builder_version=\u00a0\u00bb4.22.2&Prime; _module_preset=\u00a0\u00bbdefault\u00a0\u00bb global_colors_info=\u00a0\u00bb{}\u00a0\u00bb][et_pb_column type=\u00a0\u00bb4_4&Prime; _builder_version=\u00a0\u00bb4.22.2&Prime; _module_preset=\u00a0\u00bbdefault\u00a0\u00bb global_colors_info=\u00a0\u00bb{}\u00a0\u00bb][et_pb_divider show_divider=\u00a0\u00bboff\u00a0\u00bb _builder_version=\u00a0\u00bb4.22.2&Prime; _module_preset=\u00a0\u00bbdefault\u00a0\u00bb global_colors_info=\u00a0\u00bb{}\u00a0\u00bb][\/et_pb_divider][\/et_pb_column][\/et_pb_row][et_pb_row _builder_version=\u00a0\u00bb4.22.2&Prime; _module_preset=\u00a0\u00bbdefault\u00a0\u00bb global_colors_info=\u00a0\u00bb{}\u00a0\u00bb][et_pb_column type=\u00a0\u00bb4_4&Prime; _builder_version=\u00a0\u00bb4.22.2&Prime; _module_preset=\u00a0\u00bbdefault\u00a0\u00bb global_colors_info=\u00a0\u00bb{}\u00a0\u00bb][et_pb_text _builder_version=\u00a0\u00bb4.22.2&Prime; _module_preset=\u00a0\u00bbdefault\u00a0\u00bb global_colors_info=\u00a0\u00bb{}\u00a0\u00bb][\/et_pb_text][\/et_pb_column][\/et_pb_row][\/et_pb_section][et_pb_section fb_built=\u00a0\u00bb1&Prime; _builder_version=\u00a0\u00bb4.22.2&Prime; _module_preset=\u00a0\u00bbdefault\u00a0\u00bb global_colors_info=\u00a0\u00bb{}\u00a0\u00bb][\/et_pb_section]<\/p>\n<span class=\"et_bloom_bottom_trigger\"><\/span>","protected":false},"excerpt":{"rendered":"<p>PHOTOGRAPHES ET ARTISTESCANDIDATURES 2026 PHOTOGRAPHES ET ARTISTES\u00a0DOSSIER A T\u00c9L\u00c9CHARGERA T\u00c9L\u00c9CHARGER ET LIRE<\/p>\n","protected":false},"author":1,"featured_media":0,"parent":0,"menu_order":0,"comment_status":"closed","ping_status":"closed","template":"","meta":{"_et_pb_use_builder":"on","_et_pb_old_content":"","_et_gb_content_width":"","footnotes":""},"class_list":["post-296","page","type-page","status-publish","hentry"],"yoast_head":"<!-- This site is optimized with the Yoast SEO plugin v22.4 - https:\/\/yoast.com\/wordpress\/plugins\/seo\/ -->\n<title>PHOTOGRAPHES ET ARTISTES - FESTIVAL PHOTO<\/title>\n<meta name=\"robots\" content=\"index, follow, max-snippet:-1, max-image-preview:large, max-video-preview:-1\" \/>\n<link rel=\"canonical\" href=\"https:\/\/festivalphotomaiche.fr\/?page_id=296\" \/>\n<meta property=\"og:locale\" content=\"fr_FR\" \/>\n<meta property=\"og:type\" content=\"article\" \/>\n<meta property=\"og:title\" content=\"PHOTOGRAPHES ET ARTISTES - FESTIVAL PHOTO\" \/>\n<meta property=\"og:description\" content=\"PHOTOGRAPHES ET ARTISTESCANDIDATURES 2026 PHOTOGRAPHES ET ARTISTES\u00a0DOSSIER A T\u00c9L\u00c9CHARGERA T\u00c9L\u00c9CHARGER ET LIRE\" \/>\n<meta property=\"og:url\" content=\"https:\/\/festivalphotomaiche.fr\/?page_id=296\" \/>\n<meta property=\"og:site_name\" content=\"FESTIVAL PHOTO\" \/>\n<meta property=\"article:modified_time\" content=\"2025-11-30T18:30:00+00:00\" \/>\n<meta name=\"twitter:card\" content=\"summary_large_image\" \/>\n<meta name=\"twitter:label1\" content=\"Dur\u00e9e de lecture estim\u00e9e\" \/>\n\t<meta name=\"twitter:data1\" content=\"4 minutes\" \/>\n<script type=\"application\/ld+json\" class=\"yoast-schema-graph\">{\"@context\":\"https:\/\/schema.org\",\"@graph\":[{\"@type\":\"WebPage\",\"@id\":\"https:\/\/festivalphotomaiche.fr\/?page_id=296\",\"url\":\"https:\/\/festivalphotomaiche.fr\/?page_id=296\",\"name\":\"PHOTOGRAPHES ET ARTISTES - FESTIVAL PHOTO\",\"isPartOf\":{\"@id\":\"https:\/\/festivalphotomaiche.fr\/#website\"},\"datePublished\":\"2023-10-23T07:17:29+00:00\",\"dateModified\":\"2025-11-30T18:30:00+00:00\",\"breadcrumb\":{\"@id\":\"https:\/\/festivalphotomaiche.fr\/?page_id=296#breadcrumb\"},\"inLanguage\":\"fr-FR\",\"potentialAction\":[{\"@type\":\"ReadAction\",\"target\":[\"https:\/\/festivalphotomaiche.fr\/?page_id=296\"]}]},{\"@type\":\"BreadcrumbList\",\"@id\":\"https:\/\/festivalphotomaiche.fr\/?page_id=296#breadcrumb\",\"itemListElement\":[{\"@type\":\"ListItem\",\"position\":1,\"name\":\"Accueil\",\"item\":\"https:\/\/festivalphotomaiche.fr\/\"},{\"@type\":\"ListItem\",\"position\":2,\"name\":\"PHOTOGRAPHES ET ARTISTES\"}]},{\"@type\":\"WebSite\",\"@id\":\"https:\/\/festivalphotomaiche.fr\/#website\",\"url\":\"https:\/\/festivalphotomaiche.fr\/\",\"name\":\"FESTIVAL PHOTO\",\"description\":\"De Ma\u00eeche avec la Nature\",\"publisher\":{\"@id\":\"https:\/\/festivalphotomaiche.fr\/#organization\"},\"potentialAction\":[{\"@type\":\"SearchAction\",\"target\":{\"@type\":\"EntryPoint\",\"urlTemplate\":\"https:\/\/festivalphotomaiche.fr\/?s={search_term_string}\"},\"query-input\":\"required name=search_term_string\"}],\"inLanguage\":\"fr-FR\"},{\"@type\":\"Organization\",\"@id\":\"https:\/\/festivalphotomaiche.fr\/#organization\",\"name\":\"FESTIVAL PHOTO\",\"url\":\"https:\/\/festivalphotomaiche.fr\/\",\"logo\":{\"@type\":\"ImageObject\",\"inLanguage\":\"fr-FR\",\"@id\":\"https:\/\/festivalphotomaiche.fr\/#\/schema\/logo\/image\/\",\"url\":\"https:\/\/festivalphotomaiche.fr\/wp-content\/uploads\/2023\/10\/cropped-logo-seul-1.png\",\"contentUrl\":\"https:\/\/festivalphotomaiche.fr\/wp-content\/uploads\/2023\/10\/cropped-logo-seul-1.png\",\"width\":3424,\"height\":1406,\"caption\":\"FESTIVAL PHOTO\"},\"image\":{\"@id\":\"https:\/\/festivalphotomaiche.fr\/#\/schema\/logo\/image\/\"}}]}<\/script>\n<!-- \/ Yoast SEO plugin. -->","yoast_head_json":{"title":"PHOTOGRAPHES ET ARTISTES - FESTIVAL PHOTO","robots":{"index":"index","follow":"follow","max-snippet":"max-snippet:-1","max-image-preview":"max-image-preview:large","max-video-preview":"max-video-preview:-1"},"canonical":"https:\/\/festivalphotomaiche.fr\/?page_id=296","og_locale":"fr_FR","og_type":"article","og_title":"PHOTOGRAPHES ET ARTISTES - FESTIVAL PHOTO","og_description":"PHOTOGRAPHES ET ARTISTESCANDIDATURES 2026 PHOTOGRAPHES ET ARTISTES\u00a0DOSSIER A T\u00c9L\u00c9CHARGERA T\u00c9L\u00c9CHARGER ET LIRE","og_url":"https:\/\/festivalphotomaiche.fr\/?page_id=296","og_site_name":"FESTIVAL PHOTO","article_modified_time":"2025-11-30T18:30:00+00:00","twitter_card":"summary_large_image","twitter_misc":{"Dur\u00e9e de lecture estim\u00e9e":"4 minutes"},"schema":{"@context":"https:\/\/schema.org","@graph":[{"@type":"WebPage","@id":"https:\/\/festivalphotomaiche.fr\/?page_id=296","url":"https:\/\/festivalphotomaiche.fr\/?page_id=296","name":"PHOTOGRAPHES ET ARTISTES - FESTIVAL PHOTO","isPartOf":{"@id":"https:\/\/festivalphotomaiche.fr\/#website"},"datePublished":"2023-10-23T07:17:29+00:00","dateModified":"2025-11-30T18:30:00+00:00","breadcrumb":{"@id":"https:\/\/festivalphotomaiche.fr\/?page_id=296#breadcrumb"},"inLanguage":"fr-FR","potentialAction":[{"@type":"ReadAction","target":["https:\/\/festivalphotomaiche.fr\/?page_id=296"]}]},{"@type":"BreadcrumbList","@id":"https:\/\/festivalphotomaiche.fr\/?page_id=296#breadcrumb","itemListElement":[{"@type":"ListItem","position":1,"name":"Accueil","item":"https:\/\/festivalphotomaiche.fr\/"},{"@type":"ListItem","position":2,"name":"PHOTOGRAPHES ET ARTISTES"}]},{"@type":"WebSite","@id":"https:\/\/festivalphotomaiche.fr\/#website","url":"https:\/\/festivalphotomaiche.fr\/","name":"FESTIVAL PHOTO","description":"De Ma\u00eeche avec la Nature","publisher":{"@id":"https:\/\/festivalphotomaiche.fr\/#organization"},"potentialAction":[{"@type":"SearchAction","target":{"@type":"EntryPoint","urlTemplate":"https:\/\/festivalphotomaiche.fr\/?s={search_term_string}"},"query-input":"required name=search_term_string"}],"inLanguage":"fr-FR"},{"@type":"Organization","@id":"https:\/\/festivalphotomaiche.fr\/#organization","name":"FESTIVAL PHOTO","url":"https:\/\/festivalphotomaiche.fr\/","logo":{"@type":"ImageObject","inLanguage":"fr-FR","@id":"https:\/\/festivalphotomaiche.fr\/#\/schema\/logo\/image\/","url":"https:\/\/festivalphotomaiche.fr\/wp-content\/uploads\/2023\/10\/cropped-logo-seul-1.png","contentUrl":"https:\/\/festivalphotomaiche.fr\/wp-content\/uploads\/2023\/10\/cropped-logo-seul-1.png","width":3424,"height":1406,"caption":"FESTIVAL PHOTO"},"image":{"@id":"https:\/\/festivalphotomaiche.fr\/#\/schema\/logo\/image\/"}}]}},"_links":{"self":[{"href":"https:\/\/festivalphotomaiche.fr\/index.php?rest_route=\/wp\/v2\/pages\/296","targetHints":{"allow":["GET"]}}],"collection":[{"href":"https:\/\/festivalphotomaiche.fr\/index.php?rest_route=\/wp\/v2\/pages"}],"about":[{"href":"https:\/\/festivalphotomaiche.fr\/index.php?rest_route=\/wp\/v2\/types\/page"}],"author":[{"embeddable":true,"href":"https:\/\/festivalphotomaiche.fr\/index.php?rest_route=\/wp\/v2\/users\/1"}],"replies":[{"embeddable":true,"href":"https:\/\/festivalphotomaiche.fr\/index.php?rest_route=%2Fwp%2Fv2%2Fcomments&post=296"}],"version-history":[{"count":49,"href":"https:\/\/festivalphotomaiche.fr\/index.php?rest_route=\/wp\/v2\/pages\/296\/revisions"}],"predecessor-version":[{"id":2346,"href":"https:\/\/festivalphotomaiche.fr\/index.php?rest_route=\/wp\/v2\/pages\/296\/revisions\/2346"}],"wp:attachment":[{"href":"https:\/\/festivalphotomaiche.fr\/index.php?rest_route=%2Fwp%2Fv2%2Fmedia&parent=296"}],"curies":[{"name":"wp","href":"https:\/\/api.w.org\/{rel}","templated":true}]}}