{"id":307,"date":"2023-10-23T09:22:08","date_gmt":"2023-10-23T07:22:08","guid":{"rendered":"https:\/\/festivalphotomaiche.fr\/?page_id=307"},"modified":"2024-08-22T16:20:40","modified_gmt":"2024-08-22T14:20:40","slug":"nous-trouver","status":"publish","type":"page","link":"https:\/\/festivalphotomaiche.fr\/?page_id=307","title":{"rendered":"NOUS TROUVER\/PLAN DU SITE"},"content":{"rendered":"\n[et_pb_section fb_built=\u00a0\u00bb1&Prime; prev_background_color=\u00a0\u00bb#ffffff\u00a0\u00bb next_background_color=\u00a0\u00bb#ffffff\u00a0\u00bb _builder_version=\u00a0\u00bb4.22.2&Prime; _module_preset=\u00a0\u00bbdefault\u00a0\u00bb background_color=\u00a0\u00bb#157c1a\u00a0\u00bb min_height=\u00a0\u00bb100px\u00a0\u00bb height=\u00a0\u00bb100px\u00a0\u00bb custom_margin=\u00a0\u00bb27px||||false|false\u00a0\u00bb top_divider_style=\u00a0\u00bbslant2&Prime; top_divider_height=\u00a0\u00bb43px\u00a0\u00bb bottom_divider_style=\u00a0\u00bbmountains2&Prime; bottom_divider_height=\u00a0\u00bb49px\u00a0\u00bb global_colors_info=\u00a0\u00bb{}\u00a0\u00bb][et_pb_row _builder_version=\u00a0\u00bb4.22.2&Prime; _module_preset=\u00a0\u00bbdefault\u00a0\u00bb global_colors_info=\u00a0\u00bb{}\u00a0\u00bb][et_pb_column type=\u00a0\u00bb4_4&Prime; _builder_version=\u00a0\u00bb4.22.2&Prime; _module_preset=\u00a0\u00bbdefault\u00a0\u00bb global_colors_info=\u00a0\u00bb{}\u00a0\u00bb][et_pb_text _builder_version=\u00a0\u00bb4.22.2&Prime; _module_preset=\u00a0\u00bbdefault\u00a0\u00bb text_font=\u00a0\u00bbAkshar||||||||\u00a0\u00bb text_text_color=\u00a0\u00bb#FFFFFF\u00a0\u00bb text_font_size=\u00a0\u00bb41px\u00a0\u00bb transform_scale_tablet=\u00a0\u00bb92%|92%\u00a0\u00bb transform_scale_phone=\u00a0\u00bb76%|76%\u00a0\u00bb transform_scale_last_edited=\u00a0\u00bbon|desktop\u00a0\u00bb transform_translate=\u00a0\u00bb0px|-49px\u00a0\u00bb transform_translate_tablet=\u00a0\u00bb-40px|-61px\u00a0\u00bb transform_translate_phone=\u00a0\u00bb-62px|23px\u00a0\u00bb transform_translate_last_edited=\u00a0\u00bbon|phone\u00a0\u00bb transform_rotate_tablet=\u00a0\u00bb\u00a0\u00bb transform_rotate_phone=\u00a0\u00bb\u00a0\u00bb transform_rotate_last_edited=\u00a0\u00bbon|desktop\u00a0\u00bb transform_skew_tablet=\u00a0\u00bb\u00a0\u00bb transform_skew_phone=\u00a0\u00bb\u00a0\u00bb transform_skew_last_edited=\u00a0\u00bbon|desktop\u00a0\u00bb transform_origin_tablet=\u00a0\u00bb\u00a0\u00bb transform_origin_phone=\u00a0\u00bb\u00a0\u00bb transform_origin_last_edited=\u00a0\u00bbon|desktop\u00a0\u00bb transform_styles_last_edited=\u00a0\u00bbon|phone\u00a0\u00bb transform_styles_tablet=\u00a0\u00bb\u00a0\u00bb transform_styles_phone=\u00a0\u00bb\u00a0\u00bb text_text_shadow_style=\u00a0\u00bbpreset1&Prime; global_colors_info=\u00a0\u00bb{}\u00a0\u00bb]<p>NOUS TROUVER\/PLANS<\/p>[\/et_pb_text][\/et_pb_column][\/et_pb_row][\/et_pb_section][et_pb_section fb_built=\u00a0\u00bb1&Prime; _builder_version=\u00a0\u00bb4.22.2&Prime; _module_preset=\u00a0\u00bbdefault\u00a0\u00bb global_colors_info=\u00a0\u00bb{}\u00a0\u00bb][et_pb_row _builder_version=\u00a0\u00bb4.22.2&Prime; _module_preset=\u00a0\u00bbdefault\u00a0\u00bb global_colors_info=\u00a0\u00bb{}\u00a0\u00bb column_structure=\u00a0\u00bb3_5,2_5&Prime;][et_pb_column type=\u00a0\u00bb3_5&Prime; _builder_version=\u00a0\u00bb4.22.2&Prime; _module_preset=\u00a0\u00bbdefault\u00a0\u00bb global_colors_info=\u00a0\u00bb{}\u00a0\u00bb][et_pb_image src=\u00a0\u00bbhttp:\/\/festivalphotomaiche.fr\/wp-content\/uploads\/2024\/08\/plan-festival-copiesite-copie3-scaled.jpg\u00a0\u00bb _builder_version=\u00a0\u00bb4.22.2&Prime; _module_preset=\u00a0\u00bbdefault\u00a0\u00bb hover_enabled=\u00a0\u00bb0&Prime; global_colors_info=\u00a0\u00bb{}\u00a0\u00bb title_text=\u00a0\u00bbplan festival copiesite copie3&Prime; sticky_enabled=\u00a0\u00bb0&Prime; show_in_lightbox=\u00a0\u00bbon\u00a0\u00bb][\/et_pb_image][\/et_pb_column][et_pb_column type=\u00a0\u00bb2_5&Prime; _builder_version=\u00a0\u00bb4.22.2&Prime; _module_preset=\u00a0\u00bbdefault\u00a0\u00bb global_colors_info=\u00a0\u00bb{}\u00a0\u00bb][et_pb_image src=\u00a0\u00bbhttp:\/\/festivalphotomaiche.fr\/wp-content\/uploads\/2024\/08\/legende-2.jpg\u00a0\u00bb _builder_version=\u00a0\u00bb4.22.2&Prime; _module_preset=\u00a0\u00bbdefault\u00a0\u00bb title_text=\u00a0\u00bblegende 2&Prime; hover_enabled=\u00a0\u00bb0&Prime; sticky_enabled=\u00a0\u00bb0&Prime; transform_scale=\u00a0\u00bb62%|62%\u00a0\u00bb transform_translate=\u00a0\u00bb-186px|-182px\u00a0\u00bb transform_styles_last_edited=\u00a0\u00bbon|phone\u00a0\u00bb transform_scale_last_edited=\u00a0\u00bbon|desktop\u00a0\u00bb transform_translate_last_edited=\u00a0\u00bbon|phone\u00a0\u00bb transform_rotate_last_edited=\u00a0\u00bbon|desktop\u00a0\u00bb transform_skew_last_edited=\u00a0\u00bbon|desktop\u00a0\u00bb transform_origin_last_edited=\u00a0\u00bbon|desktop\u00a0\u00bb transform_translate_tablet=\u00a0\u00bb8px|-337px\u00a0\u00bb transform_translate_phone=\u00a0\u00bb16px|-177px\u00a0\u00bb transform_scale_tablet=\u00a0\u00bb62%|62%\u00a0\u00bb transform_scale_phone=\u00a0\u00bb62%|62%\u00a0\u00bb][\/et_pb_image][\/et_pb_column][\/et_pb_row][et_pb_row _builder_version=\u00a0\u00bb4.22.2&Prime; _module_preset=\u00a0\u00bbdefault\u00a0\u00bb global_colors_info=\u00a0\u00bb{}\u00a0\u00bb][et_pb_column type=\u00a0\u00bb4_4&Prime; _builder_version=\u00a0\u00bb4.22.2&Prime; _module_preset=\u00a0\u00bbdefault\u00a0\u00bb global_colors_info=\u00a0\u00bb{}\u00a0\u00bb][et_pb_text _builder_version=\u00a0\u00bb4.22.2&Prime; _module_preset=\u00a0\u00bbdefault\u00a0\u00bb text_font=\u00a0\u00bbAkshar||||||||\u00a0\u00bb text_text_color=\u00a0\u00bb#000000&Prime; text_font_size=\u00a0\u00bb30px\u00a0\u00bb global_colors_info=\u00a0\u00bb{}\u00a0\u00bb]<p style=\"text-align: center;\">PLAN ACCES<\/p>[\/et_pb_text][et_pb_code _builder_version=\u00a0\u00bb4.22.2&Prime; _module_preset=\u00a0\u00bbdefault\u00a0\u00bb transform_scale=\u00a0\u00bb84%|84%\u00a0\u00bb transform_translate=\u00a0\u00bb0px|-46px\u00a0\u00bb global_colors_info=\u00a0\u00bb{}\u00a0\u00bb]<iframe src=\"https:\/\/www.google.com\/maps\/embed?pb=!1m18!1m12!1m3!1d2708.232450343857!2d6.79570291276528!3d47.25115771233354!2m3!1f0!2f0!3f0!3m2!1i1024!2i768!4f13.1!3m3!1m2!1s0x479207468ca59cf5%3A0xe63e5d8209aee20c!2sParc%20du%20ch%C3%A2teau%20du%20D%C3%A9sert!5e0!3m2!1sfr!2sfr!4v1700378006420!5m2!1sfr!2sfr\" width=\"100%\" height=\"450\" style=\"border:0;\" allowfullscreen=\"\" loading=\"lazy\" referrerpolicy=\"no-referrer-when-downgrade\"><\/iframe>[\/et_pb_code][\/et_pb_column][\/et_pb_row][et_pb_row _builder_version=\u00a0\u00bb4.22.2&Prime; _module_preset=\u00a0\u00bbdefault\u00a0\u00bb hover_enabled=\u00a0\u00bb0&Prime; global_colors_info=\u00a0\u00bb{}\u00a0\u00bb sticky_enabled=\u00a0\u00bb0&Prime;][et_pb_column type=\u00a0\u00bb4_4&Prime; _builder_version=\u00a0\u00bb4.22.2&Prime; _module_preset=\u00a0\u00bbdefault\u00a0\u00bb global_colors_info=\u00a0\u00bb{}\u00a0\u00bb][et_pb_text _builder_version=\u00a0\u00bb4.22.2&Prime; _module_preset=\u00a0\u00bbdefault\u00a0\u00bb text_font_size=\u00a0\u00bb17px\u00a0\u00bb transform_translate=\u00a0\u00bb0px|-71px\u00a0\u00bb text_font_tablet=\u00a0\u00bb\u00a0\u00bb text_font_phone=\u00a0\u00bb\u00a0\u00bb text_font_last_edited=\u00a0\u00bbon|phone\u00a0\u00bb global_colors_info=\u00a0\u00bb{}\u00a0\u00bb]<p style=\"text-align: center;\">Retrouvez nous \u00e0 Ma\u00eeche, chemin de la canissi\u00e8re dans le Parc du Chateau du d\u00e9sert<\/p>[\/et_pb_text][\/et_pb_column][\/et_pb_row][\/et_pb_section]\n<span class=\"et_bloom_bottom_trigger\"><\/span>","protected":false},"excerpt":{"rendered":"<p>NOUS TROUVER\/PLANSPLAN ACCESRetrouvez nous \u00e0 Ma\u00eeche, chemin de la canissi\u00e8re dans le Parc du Chateau du d\u00e9sert<\/p>\n","protected":false},"author":1,"featured_media":0,"parent":0,"menu_order":0,"comment_status":"closed","ping_status":"closed","template":"","meta":{"_et_pb_use_builder":"on","_et_pb_old_content":"<!-- wp:divi\/placeholder \/-->","_et_gb_content_width":"","footnotes":""},"class_list":["post-307","page","type-page","status-publish","hentry"],"yoast_head":"<!-- This site is optimized with the Yoast SEO plugin v22.4 - https:\/\/yoast.com\/wordpress\/plugins\/seo\/ -->\n<title>NOUS TROUVER\/PLAN DU SITE - FESTIVAL PHOTO<\/title>\n<meta name=\"robots\" content=\"index, follow, max-snippet:-1, max-image-preview:large, max-video-preview:-1\" \/>\n<link rel=\"canonical\" href=\"https:\/\/festivalphotomaiche.fr\/?page_id=307\" \/>\n<meta property=\"og:locale\" content=\"fr_FR\" \/>\n<meta property=\"og:type\" content=\"article\" \/>\n<meta property=\"og:title\" content=\"NOUS TROUVER\/PLAN DU SITE - FESTIVAL PHOTO\" \/>\n<meta property=\"og:description\" content=\"NOUS TROUVER\/PLANSPLAN ACCESRetrouvez nous \u00e0 Ma\u00eeche, chemin de la canissi\u00e8re dans le Parc du Chateau du d\u00e9sert\" \/>\n<meta property=\"og:url\" content=\"https:\/\/festivalphotomaiche.fr\/?page_id=307\" \/>\n<meta property=\"og:site_name\" content=\"FESTIVAL PHOTO\" \/>\n<meta property=\"article:modified_time\" content=\"2024-08-22T14:20:40+00:00\" \/>\n<meta name=\"twitter:card\" content=\"summary_large_image\" \/>\n<meta name=\"twitter:label1\" content=\"Dur\u00e9e de lecture estim\u00e9e\" \/>\n\t<meta name=\"twitter:data1\" content=\"1 minute\" \/>\n<script type=\"application\/ld+json\" class=\"yoast-schema-graph\">{\"@context\":\"https:\/\/schema.org\",\"@graph\":[{\"@type\":\"WebPage\",\"@id\":\"https:\/\/festivalphotomaiche.fr\/?page_id=307\",\"url\":\"https:\/\/festivalphotomaiche.fr\/?page_id=307\",\"name\":\"NOUS TROUVER\/PLAN DU SITE - FESTIVAL PHOTO\",\"isPartOf\":{\"@id\":\"https:\/\/festivalphotomaiche.fr\/#website\"},\"datePublished\":\"2023-10-23T07:22:08+00:00\",\"dateModified\":\"2024-08-22T14:20:40+00:00\",\"breadcrumb\":{\"@id\":\"https:\/\/festivalphotomaiche.fr\/?page_id=307#breadcrumb\"},\"inLanguage\":\"fr-FR\",\"potentialAction\":[{\"@type\":\"ReadAction\",\"target\":[\"https:\/\/festivalphotomaiche.fr\/?page_id=307\"]}]},{\"@type\":\"BreadcrumbList\",\"@id\":\"https:\/\/festivalphotomaiche.fr\/?page_id=307#breadcrumb\",\"itemListElement\":[{\"@type\":\"ListItem\",\"position\":1,\"name\":\"Accueil\",\"item\":\"https:\/\/festivalphotomaiche.fr\/\"},{\"@type\":\"ListItem\",\"position\":2,\"name\":\"NOUS TROUVER\/PLAN DU SITE\"}]},{\"@type\":\"WebSite\",\"@id\":\"https:\/\/festivalphotomaiche.fr\/#website\",\"url\":\"https:\/\/festivalphotomaiche.fr\/\",\"name\":\"FESTIVAL PHOTO\",\"description\":\"De Ma\u00eeche avec la Nature\",\"publisher\":{\"@id\":\"https:\/\/festivalphotomaiche.fr\/#organization\"},\"potentialAction\":[{\"@type\":\"SearchAction\",\"target\":{\"@type\":\"EntryPoint\",\"urlTemplate\":\"https:\/\/festivalphotomaiche.fr\/?s={search_term_string}\"},\"query-input\":\"required name=search_term_string\"}],\"inLanguage\":\"fr-FR\"},{\"@type\":\"Organization\",\"@id\":\"https:\/\/festivalphotomaiche.fr\/#organization\",\"name\":\"FESTIVAL PHOTO\",\"url\":\"https:\/\/festivalphotomaiche.fr\/\",\"logo\":{\"@type\":\"ImageObject\",\"inLanguage\":\"fr-FR\",\"@id\":\"https:\/\/festivalphotomaiche.fr\/#\/schema\/logo\/image\/\",\"url\":\"https:\/\/festivalphotomaiche.fr\/wp-content\/uploads\/2023\/10\/cropped-logo-seul-1.png\",\"contentUrl\":\"https:\/\/festivalphotomaiche.fr\/wp-content\/uploads\/2023\/10\/cropped-logo-seul-1.png\",\"width\":3424,\"height\":1406,\"caption\":\"FESTIVAL PHOTO\"},\"image\":{\"@id\":\"https:\/\/festivalphotomaiche.fr\/#\/schema\/logo\/image\/\"}}]}<\/script>\n<!-- \/ Yoast SEO plugin. -->","yoast_head_json":{"title":"NOUS TROUVER\/PLAN DU SITE - FESTIVAL PHOTO","robots":{"index":"index","follow":"follow","max-snippet":"max-snippet:-1","max-image-preview":"max-image-preview:large","max-video-preview":"max-video-preview:-1"},"canonical":"https:\/\/festivalphotomaiche.fr\/?page_id=307","og_locale":"fr_FR","og_type":"article","og_title":"NOUS TROUVER\/PLAN DU SITE - FESTIVAL PHOTO","og_description":"NOUS TROUVER\/PLANSPLAN ACCESRetrouvez nous \u00e0 Ma\u00eeche, chemin de la canissi\u00e8re dans le Parc du Chateau du d\u00e9sert","og_url":"https:\/\/festivalphotomaiche.fr\/?page_id=307","og_site_name":"FESTIVAL PHOTO","article_modified_time":"2024-08-22T14:20:40+00:00","twitter_card":"summary_large_image","twitter_misc":{"Dur\u00e9e de lecture estim\u00e9e":"1 minute"},"schema":{"@context":"https:\/\/schema.org","@graph":[{"@type":"WebPage","@id":"https:\/\/festivalphotomaiche.fr\/?page_id=307","url":"https:\/\/festivalphotomaiche.fr\/?page_id=307","name":"NOUS TROUVER\/PLAN DU SITE - FESTIVAL PHOTO","isPartOf":{"@id":"https:\/\/festivalphotomaiche.fr\/#website"},"datePublished":"2023-10-23T07:22:08+00:00","dateModified":"2024-08-22T14:20:40+00:00","breadcrumb":{"@id":"https:\/\/festivalphotomaiche.fr\/?page_id=307#breadcrumb"},"inLanguage":"fr-FR","potentialAction":[{"@type":"ReadAction","target":["https:\/\/festivalphotomaiche.fr\/?page_id=307"]}]},{"@type":"BreadcrumbList","@id":"https:\/\/festivalphotomaiche.fr\/?page_id=307#breadcrumb","itemListElement":[{"@type":"ListItem","position":1,"name":"Accueil","item":"https:\/\/festivalphotomaiche.fr\/"},{"@type":"ListItem","position":2,"name":"NOUS TROUVER\/PLAN DU SITE"}]},{"@type":"WebSite","@id":"https:\/\/festivalphotomaiche.fr\/#website","url":"https:\/\/festivalphotomaiche.fr\/","name":"FESTIVAL PHOTO","description":"De Ma\u00eeche avec la Nature","publisher":{"@id":"https:\/\/festivalphotomaiche.fr\/#organization"},"potentialAction":[{"@type":"SearchAction","target":{"@type":"EntryPoint","urlTemplate":"https:\/\/festivalphotomaiche.fr\/?s={search_term_string}"},"query-input":"required name=search_term_string"}],"inLanguage":"fr-FR"},{"@type":"Organization","@id":"https:\/\/festivalphotomaiche.fr\/#organization","name":"FESTIVAL PHOTO","url":"https:\/\/festivalphotomaiche.fr\/","logo":{"@type":"ImageObject","inLanguage":"fr-FR","@id":"https:\/\/festivalphotomaiche.fr\/#\/schema\/logo\/image\/","url":"https:\/\/festivalphotomaiche.fr\/wp-content\/uploads\/2023\/10\/cropped-logo-seul-1.png","contentUrl":"https:\/\/festivalphotomaiche.fr\/wp-content\/uploads\/2023\/10\/cropped-logo-seul-1.png","width":3424,"height":1406,"caption":"FESTIVAL PHOTO"},"image":{"@id":"https:\/\/festivalphotomaiche.fr\/#\/schema\/logo\/image\/"}}]}},"_links":{"self":[{"href":"https:\/\/festivalphotomaiche.fr\/index.php?rest_route=\/wp\/v2\/pages\/307","targetHints":{"allow":["GET"]}}],"collection":[{"href":"https:\/\/festivalphotomaiche.fr\/index.php?rest_route=\/wp\/v2\/pages"}],"about":[{"href":"https:\/\/festivalphotomaiche.fr\/index.php?rest_route=\/wp\/v2\/types\/page"}],"author":[{"embeddable":true,"href":"https:\/\/festivalphotomaiche.fr\/index.php?rest_route=\/wp\/v2\/users\/1"}],"replies":[{"embeddable":true,"href":"https:\/\/festivalphotomaiche.fr\/index.php?rest_route=%2Fwp%2Fv2%2Fcomments&post=307"}],"version-history":[{"count":13,"href":"https:\/\/festivalphotomaiche.fr\/index.php?rest_route=\/wp\/v2\/pages\/307\/revisions"}],"predecessor-version":[{"id":2021,"href":"https:\/\/festivalphotomaiche.fr\/index.php?rest_route=\/wp\/v2\/pages\/307\/revisions\/2021"}],"wp:attachment":[{"href":"https:\/\/festivalphotomaiche.fr\/index.php?rest_route=%2Fwp%2Fv2%2Fmedia&parent=307"}],"curies":[{"name":"wp","href":"https:\/\/api.w.org\/{rel}","templated":true}]}}